{"id":20,"date":"2024-07-05T13:58:43","date_gmt":"2024-07-05T13:58:43","guid":{"rendered":"https:\/\/www.picardovens.com\/?page_id=20"},"modified":"2025-12-18T14:45:33","modified_gmt":"2025-12-18T14:45:33","slug":"a-propos","status":"publish","type":"page","link":"https:\/\/www.picardovens.com\/fr\/a-propos\/","title":{"rendered":"\u00c0 propos"},"content":{"rendered":"<p><div class=\"fusion-fullwidth fullwidth-box fusion-builder-row-1 fusion-flex-container has-pattern-background has-mask-background fusion-parallax-none nonhundred-percent-fullwidth non-hundred-percent-height-scrolling\" style=\"--awb-background-position:right top;--awb-background-repeat:repeat-y;--awb-border-radius-top-left:0px;--awb-border-radius-top-right:0px;--awb-border-radius-bottom-right:0px;--awb-border-radius-bottom-left:0px;--awb-padding-top:0px;--awb-padding-bottom:30px;--awb-margin-top:0px;--awb-background-image:url(&quot;https:\/\/www.picardovens.com\/wp-content\/uploads\/2024\/07\/bg-round-1.jpg&quot;);--awb-flex-wrap:wrap;\" ><div class=\"fusion-builder-row fusion-row fusion-flex-align-items-flex-start fusion-flex-content-wrap\" style=\"max-width:1248px;margin-left: calc(-4% \/ 2 );margin-right: calc(-4% \/ 2 );\"><div class=\"fusion-layout-column fusion_builder_column fusion-builder-column-0 fusion_builder_column_1_2 1_2 fusion-flex-column fusion-animated\" style=\"--awb-padding-top:40px;--awb-bg-size:cover;--awb-width-large:50%;--awb-margin-top-large:0px;--awb-spacing-right-large:3.84%;--awb-margin-bottom-large:20px;--awb-spacing-left-large:3.84%;--awb-width-medium:50%;--awb-order-medium:0;--awb-spacing-right-medium:3.84%;--awb-spacing-left-medium:3.84%;--awb-width-small:100%;--awb-order-small:0;--awb-spacing-right-small:1.92%;--awb-spacing-left-small:1.92%;\" data-animationType=\"slideInLeft\" data-animationDuration=\"0.6\" data-animationOffset=\"top-into-view\" data-scroll-devices=\"small-visibility,medium-visibility,large-visibility\"><div class=\"fusion-column-wrapper fusion-column-has-shadow fusion-flex-justify-content-flex-start fusion-content-layout-column\"><div class=\"fusion-text fusion-text-1\"><h1>Fours Picard<br \/>\ndepuis 1957<\/h1>\n<\/div><div class=\"fusion-separator\" style=\"align-self: flex-start;margin-right:auto;margin-top:0px;margin-bottom:0px;width:100%;max-width:320px;\"><div class=\"fusion-separator-border sep-single sep-solid\" style=\"--awb-height:20px;--awb-amount:20px;--awb-sep-color:var(--awb-custom_color_1);border-color:var(--awb-custom_color_1);border-top-width:3px;\"><\/div><\/div><div class=\"fusion-text fusion-text-2\" style=\"--awb-margin-top:30px;\"><p>Depuis 1957, Fours Picard est un pionnier dans l&rsquo;\u00e9quipement de boulangerie, r\u00e9volutionnant l&rsquo;industrie avec le four MT et le premier four \u00e0 pizza \u00e0 convoyeur en pierre.<\/p>\n<\/div><div ><a class=\"fusion-button button-flat fusion-button-default-size button-default fusion-button-default button-1 fusion-button-default-span fusion-button-default-type\" target=\"_self\" href=\"https:\/\/www.picardovens.com\/fr\/modeles\/\"><span class=\"fusion-button-text\">NOS MOD\u00c8LES<\/span><\/a><\/div><\/div><\/div><div class=\"fusion-layout-column fusion_builder_column fusion-builder-column-1 fusion_builder_column_1_2 1_2 fusion-flex-column fusion-animated\" style=\"--awb-padding-bottom:30px;--awb-bg-size:cover;--awb-width-large:50%;--awb-margin-top-large:0px;--awb-spacing-right-large:3.84%;--awb-margin-bottom-large:20px;--awb-spacing-left-large:3.84%;--awb-width-medium:50%;--awb-order-medium:0;--awb-spacing-right-medium:3.84%;--awb-spacing-left-medium:3.84%;--awb-width-small:100%;--awb-order-small:0;--awb-spacing-right-small:1.92%;--awb-spacing-left-small:1.92%;\" data-animationType=\"slideInRight\" data-animationDuration=\"0.6\" data-animationOffset=\"top-into-view\" data-scroll-devices=\"small-visibility,medium-visibility,large-visibility\"><div class=\"fusion-column-wrapper fusion-column-has-shadow fusion-flex-justify-content-flex-start fusion-content-layout-column\"><div class=\"fusion-image-element \" style=\"text-align:center;--awb-margin-top:20px;--awb-caption-title-font-family:var(--h2_typography-font-family);--awb-caption-title-font-weight:var(--h2_typography-font-weight);--awb-caption-title-font-style:var(--h2_typography-font-style);--awb-caption-title-size:var(--h2_typography-font-size);--awb-caption-title-transform:var(--h2_typography-text-transform);--awb-caption-title-line-height:var(--h2_typography-line-height);--awb-caption-title-letter-spacing:var(--h2_typography-letter-spacing);\"><span class=\" fusion-imageframe imageframe-none imageframe-1 hover-type-none\"><img decoding=\"async\" width=\"312\" height=\"356\" alt=\"picard baker logo\" title=\"picard-men\" src=\"https:\/\/www.picardovens.com\/wp-content\/uploads\/2024\/07\/picard-men.png\" class=\"img-responsive wp-image-135\" srcset=\"https:\/\/www.picardovens.com\/wp-content\/uploads\/2024\/07\/picard-men-200x228.png 200w, https:\/\/www.picardovens.com\/wp-content\/uploads\/2024\/07\/picard-men.png 312w\" sizes=\"(max-width: 640px) 100vw, 312px\" \/><\/span><\/div><\/div><\/div><\/div><\/div><div class=\"fusion-fullwidth fullwidth-box fusion-builder-row-2 fusion-flex-container has-pattern-background has-mask-background nonhundred-percent-fullwidth non-hundred-percent-height-scrolling fusion-animated\" style=\"--awb-border-radius-top-left:0px;--awb-border-radius-top-right:0px;--awb-border-radius-bottom-right:0px;--awb-border-radius-bottom-left:0px;--awb-padding-top:40px;--awb-flex-wrap:wrap;\" data-animationType=\"slideInUp\" data-animationDuration=\"0.6\" data-animationOffset=\"top-into-view\" ><div class=\"fusion-builder-row fusion-row fusion-flex-align-items-flex-start fusion-flex-content-wrap\" style=\"max-width:1248px;margin-left: calc(-4% \/ 2 );margin-right: calc(-4% \/ 2 );\"><div class=\"fusion-layout-column fusion_builder_column fusion-builder-column-2 fusion_builder_column_1_3 1_3 fusion-flex-column\" style=\"--awb-bg-size:cover;--awb-width-large:33.333333333333%;--awb-margin-top-large:0px;--awb-spacing-right-large:5.76%;--awb-margin-bottom-large:20px;--awb-spacing-left-large:5.76%;--awb-width-medium:33.333333333333%;--awb-order-medium:0;--awb-spacing-right-medium:5.76%;--awb-spacing-left-medium:5.76%;--awb-width-small:100%;--awb-order-small:0;--awb-spacing-right-small:1.92%;--awb-spacing-left-small:1.92%;\"><div class=\"fusion-column-wrapper fusion-column-has-shadow fusion-flex-justify-content-flex-start fusion-content-layout-column\"><div class=\"fusion-image-element \" style=\"--awb-caption-title-font-family:var(--h2_typography-font-family);--awb-caption-title-font-weight:var(--h2_typography-font-weight);--awb-caption-title-font-style:var(--h2_typography-font-style);--awb-caption-title-size:var(--h2_typography-font-size);--awb-caption-title-transform:var(--h2_typography-text-transform);--awb-caption-title-line-height:var(--h2_typography-line-height);--awb-caption-title-letter-spacing:var(--h2_typography-letter-spacing);\"><span class=\" fusion-imageframe imageframe-none imageframe-2 hover-type-none\"><img decoding=\"async\" width=\"600\" height=\"800\" alt=\"picard revolution oven\" title=\"picard-revolution-oven\" src=\"https:\/\/www.picardovens.com\/wp-content\/uploads\/2024\/11\/picard-revolution-oven.jpg\" class=\"img-responsive wp-image-774\" srcset=\"https:\/\/www.picardovens.com\/wp-content\/uploads\/2024\/11\/picard-revolution-oven-200x267.jpg 200w, https:\/\/www.picardovens.com\/wp-content\/uploads\/2024\/11\/picard-revolution-oven-400x533.jpg 400w, https:\/\/www.picardovens.com\/wp-content\/uploads\/2024\/11\/picard-revolution-oven.jpg 600w\" sizes=\"(max-width: 640px) 100vw, 400px\" \/><\/span><\/div><\/div><\/div><div class=\"fusion-layout-column fusion_builder_column fusion-builder-column-3 fusion_builder_column_2_3 2_3 fusion-flex-column\" style=\"--awb-bg-size:cover;--awb-width-large:66.666666666667%;--awb-margin-top-large:0px;--awb-spacing-right-large:2.88%;--awb-margin-bottom-large:20px;--awb-spacing-left-large:2.88%;--awb-width-medium:66.666666666667%;--awb-order-medium:0;--awb-spacing-right-medium:2.88%;--awb-spacing-left-medium:2.88%;--awb-width-small:100%;--awb-order-small:0;--awb-spacing-right-small:1.92%;--awb-spacing-left-small:1.92%;\"><div class=\"fusion-column-wrapper fusion-column-has-shadow fusion-flex-justify-content-flex-start fusion-content-layout-column\"><div class=\"fusion-text fusion-text-3\"><div class=\"flex-shrink-0 flex flex-col relative items-end\">\n<div class=\"pt-0.5 juice:pt-0\">\n<div class=\"gizmo-bot-avatar flex h-6 w-6 items-center justify-center overflow-hidden rounded-full juice:h-8 juice:w-8\">\n<h2 class=\"relative p-1 rounded-sm flex items-center justify-center bg-token-main-surface-primary text-token-text-primary h-8 w-8\">L&rsquo;\u00e9volution des \u00c9quipements de boulangerie Picard<\/h2>\n<\/div>\n<\/div>\n<\/div>\n<div class=\"group\/conversation-turn relative flex w-full min-w-0 flex-col agent-turn\">\n<div class=\"flex-col gap-1 md:gap-3\">\n<div class=\"flex flex-grow flex-col max-w-full\">\n<div class=\"min-h-&#091;20px&#093; text-message flex flex-col items-start whitespace-pre-wrap break-words &#091;.text-message+&amp;&#093;:mt-5 juice:w-full juice:items-end overflow-x-auto gap-2\" dir=\"auto\" data-message-author-role=\"assistant\" data-message-id=\"7c551b0e-3e76-4407-a7c6-88a549eb4846\">\n<div class=\"flex w-full flex-col gap-1 juice:empty:hidden juice:first:pt-&#091;3px&#093;\">\n<div class=\"markdown prose w-full break-words dark:prose-invert dark\">\n<p>\u00c9quipements de boulangerie Picard a \u00e9t\u00e9 fond\u00e9 en 1957 par Laur\u00e9at Picard, un boulanger de m\u00e9tier. Laur\u00e9at achetait du mat\u00e9riel d&rsquo;occasion et l&rsquo;am\u00e9liorait pour r\u00e9pondre \u00e0 ses besoins en boulangerie. Rapidement, la renomm\u00e9e de son travail s&rsquo;est r\u00e9pandue au sein de la communaut\u00e9 boulang\u00e8re. Ce visionnaire canadien-fran\u00e7ais a transform\u00e9 son hobby de modification de mat\u00e9riel en une entreprise et a commenc\u00e9 \u00e0 fabriquer des fours de boulangerie et d&rsquo;autres \u00e9quipements connexes.<\/p>\n<p>Dans les ann\u00e9es 1980, M. Picard a d\u00e9velopp\u00e9 le four MT, maintenant connu sous le nom de four R\u00e9volution. \u00c0 ce jour, de nombreux boulangers et exploitants de pizz\u00e9rias poss\u00e8dent encore un four MT d&rsquo;origine, m\u00eame 40 ans apr\u00e8s l&rsquo;avoir achet\u00e9.<\/p>\n<p>Apr\u00e8s avoir dirig\u00e9 Fours Picard pendant plus de trente ans, Laur\u00e9at a transf\u00e9r\u00e9 son entreprise \u00e0 ses deux fils, Gilles et Guy. Sous leur direction, des investissements consid\u00e9rables ont \u00e9t\u00e9 r\u00e9alis\u00e9s en R&amp;D pour atteindre la plus haute qualit\u00e9 possible dans l&rsquo;industrie.<\/p>\n<p>Dans les ann\u00e9es 1990, Fours Picard a marqu\u00e9 l&rsquo;industrie en inventant le PREMIER four \u00e0 pizza \u00e0 convoyeur de pierres. Nomm\u00e9 en l&rsquo;honneur du p\u00e8re fondateur Laur\u00e9at Picard, le LP-200 est rapidement devenu un succ\u00e8s. Aujourd&rsquo;hui encore, il r\u00e9volutionne l&rsquo;industrie sous le nom de <a href=\"http:\/\/www.hotrocksoven.com\" target=\"_blank\" rel=\"noopener\">Hot Rocks<\/a>.<\/p>\n<p>En 2014, les fr\u00e8res Picard ont vendu l&rsquo;entreprise familiale au <a href=\"https:\/\/www.korokgroup.com\/\" target=\"_blank\" rel=\"noopener\">Groupe Korok<\/a> &#8211; une soci\u00e9t\u00e9 holding priv\u00e9e canadienne poss\u00e9dant diverses entreprises manufacturi\u00e8res dans l&rsquo;industrie alimentaire. \u00c0 ce jour, tous les fours Picard sont toujours fabriqu\u00e9s au Canada, refl\u00e9tant notre engagement envers la qualit\u00e9 et la fiabilit\u00e9.<\/p>\n<\/div>\n<\/div>\n<\/div>\n<\/div>\n<\/div>\n<\/div>\n<\/div><div class=\"fusion-image-element \" style=\"--awb-caption-title-font-family:var(--h2_typography-font-family);--awb-caption-title-font-weight:var(--h2_typography-font-weight);--awb-caption-title-font-style:var(--h2_typography-font-style);--awb-caption-title-size:var(--h2_typography-font-size);--awb-caption-title-transform:var(--h2_typography-text-transform);--awb-caption-title-line-height:var(--h2_typography-line-height);--awb-caption-title-letter-spacing:var(--h2_typography-letter-spacing);\"><span class=\" fusion-imageframe imageframe-none imageframe-3 hover-type-none\"><img decoding=\"async\" width=\"747\" height=\"424\" alt=\"picard mt et r\u00e9volution\" title=\"old-revolution-MT-fr\" src=\"https:\/\/www.picardovens.com\/wp-content\/uploads\/2024\/08\/old-revolution-MT-fr.jpg\" class=\"img-responsive wp-image-734\" srcset=\"https:\/\/www.picardovens.com\/wp-content\/uploads\/2024\/08\/old-revolution-MT-fr-200x114.jpg 200w, https:\/\/www.picardovens.com\/wp-content\/uploads\/2024\/08\/old-revolution-MT-fr-400x227.jpg 400w, https:\/\/www.picardovens.com\/wp-content\/uploads\/2024\/08\/old-revolution-MT-fr-600x341.jpg 600w, https:\/\/www.picardovens.com\/wp-content\/uploads\/2024\/08\/old-revolution-MT-fr.jpg 747w\" sizes=\"(max-width: 640px) 100vw, 747px\" \/><\/span><\/div><\/div><\/div><\/div><\/div><\/p>\n","protected":false},"excerpt":{"rendered":"","protected":false},"author":1,"featured_media":0,"parent":0,"menu_order":0,"comment_status":"closed","ping_status":"closed","template":"100-width.php","meta":{"footnotes":""},"class_list":["post-20","page","type-page","status-publish","hentry"],"yoast_head":"<!-- This site is optimized with the Yoast SEO plugin v27.3 - https:\/\/yoast.com\/product\/yoast-seo-wordpress\/ -->\n<title>Fours Picard: Pionniers de l&#039;\u00c9quipement de Boulangerie depuis 1957- Fours Picard<\/title>\n<meta name=\"description\" content=\"Depuis 1957, Fours Picard r\u00e9volutionne l&#039;industrie de la boulangerie avec des innovations comme le four MT et le premier four \u00e0 pizza \u00e0 convoyeur en pierre. Aujourd&#039;hui sous la direction du Groupe Korok, Picard continue de se distinguer par ses \u00e9quipements de haute qualit\u00e9 et performants.\" \/>\n<meta name=\"robots\" content=\"index, follow, max-snippet:-1, max-image-preview:large, max-video-preview:-1\" \/>\n<link rel=\"canonical\" href=\"https:\/\/www.picardovens.com\/fr\/a-propos\/\" \/>\n<meta property=\"og:locale\" content=\"fr_FR\" \/>\n<meta property=\"og:type\" content=\"article\" \/>\n<meta property=\"og:title\" content=\"Fours Picard: Pionniers de l&#039;\u00c9quipement de Boulangerie depuis 1957- Fours Picard\" \/>\n<meta property=\"og:description\" content=\"Depuis 1957, Fours Picard r\u00e9volutionne l&#039;industrie de la boulangerie avec des innovations comme le four MT et le premier four \u00e0 pizza \u00e0 convoyeur en pierre. Aujourd&#039;hui sous la direction du Groupe Korok, Picard continue de se distinguer par ses \u00e9quipements de haute qualit\u00e9 et performants.\" \/>\n<meta property=\"og:url\" content=\"https:\/\/www.picardovens.com\/fr\/a-propos\/\" \/>\n<meta property=\"og:site_name\" content=\"Fours Picard\" \/>\n<meta property=\"article:publisher\" content=\"https:\/\/www.facebook.com\/picardovens1\" \/>\n<meta property=\"article:modified_time\" content=\"2025-12-18T14:45:33+00:00\" \/>\n<meta name=\"twitter:card\" content=\"summary_large_image\" \/>\n<meta name=\"twitter:label1\" content=\"Dur\u00e9e de lecture estim\u00e9e\" \/>\n\t<meta name=\"twitter:data1\" content=\"2 minutes\" \/>\n<script type=\"application\/ld+json\" class=\"yoast-schema-graph\">{\"@context\":\"https:\\\/\\\/schema.org\",\"@graph\":[{\"@type\":\"WebPage\",\"@id\":\"https:\\\/\\\/www.picardovens.com\\\/fr\\\/a-propos\\\/\",\"url\":\"https:\\\/\\\/www.picardovens.com\\\/fr\\\/a-propos\\\/\",\"name\":\"Fours Picard: Pionniers de l'\u00c9quipement de Boulangerie depuis 1957- Fours Picard\",\"isPartOf\":{\"@id\":\"https:\\\/\\\/www.picardovens.com\\\/fr\\\/#website\"},\"datePublished\":\"2024-07-05T13:58:43+00:00\",\"dateModified\":\"2025-12-18T14:45:33+00:00\",\"description\":\"Depuis 1957, Fours Picard r\u00e9volutionne l'industrie de la boulangerie avec des innovations comme le four MT et le premier four \u00e0 pizza \u00e0 convoyeur en pierre. Aujourd'hui sous la direction du Groupe Korok, Picard continue de se distinguer par ses \u00e9quipements de haute qualit\u00e9 et performants.\",\"breadcrumb\":{\"@id\":\"https:\\\/\\\/www.picardovens.com\\\/fr\\\/a-propos\\\/#breadcrumb\"},\"inLanguage\":\"fr-FR\",\"potentialAction\":[{\"@type\":\"ReadAction\",\"target\":[\"https:\\\/\\\/www.picardovens.com\\\/fr\\\/a-propos\\\/\"]}]},{\"@type\":\"BreadcrumbList\",\"@id\":\"https:\\\/\\\/www.picardovens.com\\\/fr\\\/a-propos\\\/#breadcrumb\",\"itemListElement\":[{\"@type\":\"ListItem\",\"position\":1,\"name\":\"Home\",\"item\":\"https:\\\/\\\/www.picardovens.com\\\/fr\\\/\"},{\"@type\":\"ListItem\",\"position\":2,\"name\":\"\u00c0 propos\"}]},{\"@type\":\"WebSite\",\"@id\":\"https:\\\/\\\/www.picardovens.com\\\/fr\\\/#website\",\"url\":\"https:\\\/\\\/www.picardovens.com\\\/fr\\\/\",\"name\":\"Picard Ovens\",\"description\":\"Les fours Picard\",\"publisher\":{\"@id\":\"https:\\\/\\\/www.picardovens.com\\\/fr\\\/#organization\"},\"potentialAction\":[{\"@type\":\"SearchAction\",\"target\":{\"@type\":\"EntryPoint\",\"urlTemplate\":\"https:\\\/\\\/www.picardovens.com\\\/fr\\\/?s={search_term_string}\"},\"query-input\":{\"@type\":\"PropertyValueSpecification\",\"valueRequired\":true,\"valueName\":\"search_term_string\"}}],\"inLanguage\":\"fr-FR\"},{\"@type\":\"Organization\",\"@id\":\"https:\\\/\\\/www.picardovens.com\\\/fr\\\/#organization\",\"name\":\"Picard Ovens\",\"url\":\"https:\\\/\\\/www.picardovens.com\\\/fr\\\/\",\"logo\":{\"@type\":\"ImageObject\",\"inLanguage\":\"fr-FR\",\"@id\":\"https:\\\/\\\/www.picardovens.com\\\/fr\\\/#\\\/schema\\\/logo\\\/image\\\/\",\"url\":\"https:\\\/\\\/www.picardovens.com\\\/wp-content\\\/uploads\\\/2024\\\/07\\\/picard-ovens-logo.png\",\"contentUrl\":\"https:\\\/\\\/www.picardovens.com\\\/wp-content\\\/uploads\\\/2024\\\/07\\\/picard-ovens-logo.png\",\"width\":155,\"height\":46,\"caption\":\"Picard Ovens\"},\"image\":{\"@id\":\"https:\\\/\\\/www.picardovens.com\\\/fr\\\/#\\\/schema\\\/logo\\\/image\\\/\"},\"sameAs\":[\"https:\\\/\\\/www.facebook.com\\\/picardovens1\"]}]}<\/script>\n<!-- \/ Yoast SEO plugin. -->","yoast_head_json":{"title":"Fours Picard: Pionniers de l'\u00c9quipement de Boulangerie depuis 1957- Fours Picard","description":"Depuis 1957, Fours Picard r\u00e9volutionne l'industrie de la boulangerie avec des innovations comme le four MT et le premier four \u00e0 pizza \u00e0 convoyeur en pierre. Aujourd'hui sous la direction du Groupe Korok, Picard continue de se distinguer par ses \u00e9quipements de haute qualit\u00e9 et performants.","robots":{"index":"index","follow":"follow","max-snippet":"max-snippet:-1","max-image-preview":"max-image-preview:large","max-video-preview":"max-video-preview:-1"},"canonical":"https:\/\/www.picardovens.com\/fr\/a-propos\/","og_locale":"fr_FR","og_type":"article","og_title":"Fours Picard: Pionniers de l'\u00c9quipement de Boulangerie depuis 1957- Fours Picard","og_description":"Depuis 1957, Fours Picard r\u00e9volutionne l'industrie de la boulangerie avec des innovations comme le four MT et le premier four \u00e0 pizza \u00e0 convoyeur en pierre. Aujourd'hui sous la direction du Groupe Korok, Picard continue de se distinguer par ses \u00e9quipements de haute qualit\u00e9 et performants.","og_url":"https:\/\/www.picardovens.com\/fr\/a-propos\/","og_site_name":"Fours Picard","article_publisher":"https:\/\/www.facebook.com\/picardovens1","article_modified_time":"2025-12-18T14:45:33+00:00","twitter_card":"summary_large_image","twitter_misc":{"Dur\u00e9e de lecture estim\u00e9e":"2 minutes"},"schema":{"@context":"https:\/\/schema.org","@graph":[{"@type":"WebPage","@id":"https:\/\/www.picardovens.com\/fr\/a-propos\/","url":"https:\/\/www.picardovens.com\/fr\/a-propos\/","name":"Fours Picard: Pionniers de l'\u00c9quipement de Boulangerie depuis 1957- Fours Picard","isPartOf":{"@id":"https:\/\/www.picardovens.com\/fr\/#website"},"datePublished":"2024-07-05T13:58:43+00:00","dateModified":"2025-12-18T14:45:33+00:00","description":"Depuis 1957, Fours Picard r\u00e9volutionne l'industrie de la boulangerie avec des innovations comme le four MT et le premier four \u00e0 pizza \u00e0 convoyeur en pierre. Aujourd'hui sous la direction du Groupe Korok, Picard continue de se distinguer par ses \u00e9quipements de haute qualit\u00e9 et performants.","breadcrumb":{"@id":"https:\/\/www.picardovens.com\/fr\/a-propos\/#breadcrumb"},"inLanguage":"fr-FR","potentialAction":[{"@type":"ReadAction","target":["https:\/\/www.picardovens.com\/fr\/a-propos\/"]}]},{"@type":"BreadcrumbList","@id":"https:\/\/www.picardovens.com\/fr\/a-propos\/#breadcrumb","itemListElement":[{"@type":"ListItem","position":1,"name":"Home","item":"https:\/\/www.picardovens.com\/fr\/"},{"@type":"ListItem","position":2,"name":"\u00c0 propos"}]},{"@type":"WebSite","@id":"https:\/\/www.picardovens.com\/fr\/#website","url":"https:\/\/www.picardovens.com\/fr\/","name":"Picard Ovens","description":"Les fours Picard","publisher":{"@id":"https:\/\/www.picardovens.com\/fr\/#organization"},"potentialAction":[{"@type":"SearchAction","target":{"@type":"EntryPoint","urlTemplate":"https:\/\/www.picardovens.com\/fr\/?s={search_term_string}"},"query-input":{"@type":"PropertyValueSpecification","valueRequired":true,"valueName":"search_term_string"}}],"inLanguage":"fr-FR"},{"@type":"Organization","@id":"https:\/\/www.picardovens.com\/fr\/#organization","name":"Picard Ovens","url":"https:\/\/www.picardovens.com\/fr\/","logo":{"@type":"ImageObject","inLanguage":"fr-FR","@id":"https:\/\/www.picardovens.com\/fr\/#\/schema\/logo\/image\/","url":"https:\/\/www.picardovens.com\/wp-content\/uploads\/2024\/07\/picard-ovens-logo.png","contentUrl":"https:\/\/www.picardovens.com\/wp-content\/uploads\/2024\/07\/picard-ovens-logo.png","width":155,"height":46,"caption":"Picard Ovens"},"image":{"@id":"https:\/\/www.picardovens.com\/fr\/#\/schema\/logo\/image\/"},"sameAs":["https:\/\/www.facebook.com\/picardovens1"]}]}},"_links":{"self":[{"href":"https:\/\/www.picardovens.com\/fr\/wp-json\/wp\/v2\/pages\/20","targetHints":{"allow":["GET"]}}],"collection":[{"href":"https:\/\/www.picardovens.com\/fr\/wp-json\/wp\/v2\/pages"}],"about":[{"href":"https:\/\/www.picardovens.com\/fr\/wp-json\/wp\/v2\/types\/page"}],"author":[{"embeddable":true,"href":"https:\/\/www.picardovens.com\/fr\/wp-json\/wp\/v2\/users\/1"}],"replies":[{"embeddable":true,"href":"https:\/\/www.picardovens.com\/fr\/wp-json\/wp\/v2\/comments?post=20"}],"version-history":[{"count":25,"href":"https:\/\/www.picardovens.com\/fr\/wp-json\/wp\/v2\/pages\/20\/revisions"}],"predecessor-version":[{"id":777,"href":"https:\/\/www.picardovens.com\/fr\/wp-json\/wp\/v2\/pages\/20\/revisions\/777"}],"wp:attachment":[{"href":"https:\/\/www.picardovens.com\/fr\/wp-json\/wp\/v2\/media?parent=20"}],"curies":[{"name":"wp","href":"https:\/\/api.w.org\/{rel}","templated":true}]}}